{"id":115,"date":"2018-09-08T10:31:05","date_gmt":"2018-09-08T08:31:05","guid":{"rendered":"http:\/\/igfergon.com.mx\/?page_id=115"},"modified":"2026-03-03T13:39:11","modified_gmt":"2026-03-03T11:39:11","slug":"el-rostro-humano-de-internet","status":"publish","type":"page","link":"http:\/\/igfergon.com.mx\/?page_id=115","title":{"rendered":"EL ROSTRO HUMANO DE INTERNET"},"content":{"rendered":"\n<h2 class=\"wp-block-heading has-text-align-center has-text-color\" id=\"ser-mujer-en-pascua\" style=\"color:#064be5\"><strong><strong>DE RUTA (VIRTUAL) POR LOS SANTUARIOS. (III PARTE)<\/strong><\/strong><\/h2>\n\n\n\n<p><strong>&nbsp;\u201cNossa Senhora da Concei\u00e7\u00e3o Aparecida\u201d<\/strong>, popularmente conocida en Brasil como \u00abNossa Senhora Aparecida\u00bb es la patrona de este inmenso pa\u00eds iberoamericano.<\/p>\n\n\n\n<p>El Santuario de \u201cNossa Senhora da Concei\u00e7\u00e3o Aparecida\u201d<br>www.redemptor.com.br\/~basilica se encuentra en la ciudad de<br>Aparecida a 180 kil\u00f3metros de S\u00e3o Paulo. Sin sombra de duda, es el Santuario del mundo que m\u00e1s se ha preocupado por los peregrinos, ya que cuenta con unas instalaciones perfectamente preparadas y habilitadas para quienes llegan, a pie o en veh\u00edculos, desde diferentes partes del Brasil y del mundo. El peregrino encuentra espacios para comer, lavarse, ponerse en la presencia de Dios y disponerse a la confesi\u00f3n y la oraci\u00f3n. La estructura de acogida del santuario hace ver que se entiende la persona<br>en su globalidad, que es la mejor forma de estar ante el Se\u00f1or.<\/p>\n\n\n\n<p>Visitando su p\u00e1gina web ya se puede tener una idea de la famosa hospitalidad brasile\u00f1a, pues desde el primer momento, \u201cla Web\u201d pregunta nuestro nombre y nos personaliza la visita poniendo mensajes dirigidos a nosotros. La web tambi\u00e9n cuenta con informaci\u00f3n sobre el \u00abCentro de Apoyo al Peregrino, Bautizos, Sal\u00f3n de los Peregrinos, Dispensario m\u00e9dico Guarder\u00eda, Jardines, Servicios de Informaci\u00f3n, etc\u00bb. Es una p\u00e1gina muy completa que vale la pena hacerle un peregrinaje virtual, y si es posible, mejor todav\u00eda visitar personalmente un espacio de acogida tan completo y generoso con el peregrino.<\/p>\n\n\n\n<p>Tambi\u00e9n en Latinoam\u00e9rica, en Maip\u00fa (Chile), descubrimos un antiguo templo votivo en el cual la <strong>Sant\u00edsima Virgen del Carmen <\/strong>se venera como protectora de la patria <a href=\"http:\/\/www.corazones.org\/maria\/america\/Chile.htm\">http:\/\/www.corazones.org\/maria\/america\/Chile.htm<\/a>.<\/p>\n\n\n\n<p><strong>El Santuario de la Reina de la Paz en Medjugorje<\/strong> http:\/\/www.medjugorje.hr\/ulazakspstipe.htm, adem\u00e1s de una breve introducci\u00f3n, da acceso directo a los \u00faltimos boletines de prensa (que se publican cada dos semanas). Tambi\u00e9n se puede disfrutar de una oferta muy amplia que incluye informaciones sobre el santuario, los mensajes de Nuestra Se\u00f1ora, las im\u00e1genes de la Reina de la Paz (la mayor parte de las informaciones son textos), testimonios, documentaci\u00f3n, avisos, estad\u00edsticas, seminarios de formaci\u00f3n y oraciones.<\/p>\n\n\n\n<p>Otra secci\u00f3n es la de los reportes de memorias en audio y v\u00eddeo sobre el santuario; all\u00ed hay una selecci\u00f3n de la programaci\u00f3n, el santo rosario, las misas y un mosaico informativo para los peregrinos, que se emite en bloques de 5 minutos en diversos idiomas. Una vez terminada la consulta de este material es posible volver a poner en Internet el programa completo. En esta p\u00e1gina web tambi\u00e9n encontramos fotograf\u00edas de los diferentes eventos de Medjugore y todo lo necesario \u2013incluso los mapas\u2013 para viajar hasta all\u00ed.<\/p>\n\n\n\n<p><\/p>\n","protected":false},"excerpt":{"rendered":"<p>DE RUTA (VIRTUAL) POR LOS SANTUARIOS. (III PARTE) &nbsp;\u201cNossa Senhora da Concei\u00e7\u00e3o Aparecida\u201d, popularmente conocida en Brasil como \u00abNossa Senhora Aparecida\u00bb es la patrona de este inmenso pa\u00eds iberoamericano. El Santuario de \u201cNossa Senhora da Concei\u00e7\u00e3o Aparecida\u201dwww.redemptor.com.br\/~basilica se encuentra en la ciudad deAparecida a 180 kil\u00f3metros de S\u00e3o Paulo. Sin sombra de duda, es el &hellip; <\/p>\n<p class=\"link-more\"><a href=\"http:\/\/igfergon.com.mx\/?page_id=115\" class=\"more-link\">Continuar leyendo<span class=\"screen-reader-text\"> \u00abEL ROSTRO HUMANO DE INTERNET\u00bb<\/span><\/a><\/p>\n","protected":false},"author":1,"featured_media":0,"parent":0,"menu_order":0,"comment_status":"closed","ping_status":"closed","template":"","meta":{"footnotes":""},"class_list":["post-115","page","type-page","status-publish","hentry"],"yoast_head":"<!-- This site is optimized with the Yoast SEO plugin v26.0 - https:\/\/yoast.com\/wordpress\/plugins\/seo\/ -->\n<title>EL ROSTRO HUMANO DE INTERNET - El sitio del P. Ignacio Fern\u00e1ndez Gonz\u00e1lez<\/title>\n<meta name=\"robots\" content=\"index, follow, max-snippet:-1, max-image-preview:large, max-video-preview:-1\" \/>\n<link rel=\"canonical\" href=\"http:\/\/igfergon.com.mx\/?page_id=115\" \/>\n<meta property=\"og:locale\" content=\"es_ES\" \/>\n<meta property=\"og:type\" content=\"article\" \/>\n<meta property=\"og:title\" content=\"EL ROSTRO HUMANO DE INTERNET - El sitio del P. Ignacio Fern\u00e1ndez Gonz\u00e1lez\" \/>\n<meta property=\"og:description\" content=\"DE RUTA (VIRTUAL) POR LOS SANTUARIOS. (III PARTE) &nbsp;\u201cNossa Senhora da Concei\u00e7\u00e3o Aparecida\u201d, popularmente conocida en Brasil como \u00abNossa Senhora Aparecida\u00bb es la patrona de este inmenso pa\u00eds iberoamericano. El Santuario de \u201cNossa Senhora da Concei\u00e7\u00e3o Aparecida\u201dwww.redemptor.com.br\/~basilica se encuentra en la ciudad deAparecida a 180 kil\u00f3metros de S\u00e3o Paulo. Sin sombra de duda, es el &hellip; Continuar leyendo &quot;EL ROSTRO HUMANO DE INTERNET&quot;\" \/>\n<meta property=\"og:url\" content=\"http:\/\/igfergon.com.mx\/?page_id=115\" \/>\n<meta property=\"og:site_name\" content=\"El sitio del P. Ignacio Fern\u00e1ndez Gonz\u00e1lez\" \/>\n<meta property=\"article:publisher\" content=\"https:\/\/www.facebook.com\/\" \/>\n<meta property=\"article:modified_time\" content=\"2026-03-03T11:39:11+00:00\" \/>\n<meta name=\"twitter:card\" content=\"summary_large_image\" \/>\n<meta name=\"twitter:label1\" content=\"Tiempo de lectura\" \/>\n\t<meta name=\"twitter:data1\" content=\"2 minutos\" \/>\n<script type=\"application\/ld+json\" class=\"yoast-schema-graph\">{\"@context\":\"https:\/\/schema.org\",\"@graph\":[{\"@type\":\"WebPage\",\"@id\":\"http:\/\/igfergon.com.mx\/?page_id=115\",\"url\":\"http:\/\/igfergon.com.mx\/?page_id=115\",\"name\":\"EL ROSTRO HUMANO DE INTERNET - El sitio del P. Ignacio Fern\u00e1ndez Gonz\u00e1lez\",\"isPartOf\":{\"@id\":\"http:\/\/igfergon.com.mx\/#website\"},\"datePublished\":\"2018-09-08T08:31:05+00:00\",\"dateModified\":\"2026-03-03T11:39:11+00:00\",\"breadcrumb\":{\"@id\":\"http:\/\/igfergon.com.mx\/?page_id=115#breadcrumb\"},\"inLanguage\":\"es\",\"potentialAction\":[{\"@type\":\"ReadAction\",\"target\":[\"http:\/\/igfergon.com.mx\/?page_id=115\"]}]},{\"@type\":\"BreadcrumbList\",\"@id\":\"http:\/\/igfergon.com.mx\/?page_id=115#breadcrumb\",\"itemListElement\":[{\"@type\":\"ListItem\",\"position\":1,\"name\":\"Portada\",\"item\":\"http:\/\/igfergon.com.mx\/\"},{\"@type\":\"ListItem\",\"position\":2,\"name\":\"EL ROSTRO HUMANO DE INTERNET\"}]},{\"@type\":\"WebSite\",\"@id\":\"http:\/\/igfergon.com.mx\/#website\",\"url\":\"http:\/\/igfergon.com.mx\/\",\"name\":\"El sitio del P. Ignacio Fern\u00e1ndez Gonz\u00e1lez\",\"description\":\"Para Ayudarte\",\"publisher\":{\"@id\":\"http:\/\/igfergon.com.mx\/#organization\"},\"potentialAction\":[{\"@type\":\"SearchAction\",\"target\":{\"@type\":\"EntryPoint\",\"urlTemplate\":\"http:\/\/igfergon.com.mx\/?s={search_term_string}\"},\"query-input\":{\"@type\":\"PropertyValueSpecification\",\"valueRequired\":true,\"valueName\":\"search_term_string\"}}],\"inLanguage\":\"es\"},{\"@type\":\"Organization\",\"@id\":\"http:\/\/igfergon.com.mx\/#organization\",\"name\":\"El sitio del P. Ignacio Fern\u00e1ndez Gonz\u00e1lez\",\"url\":\"http:\/\/igfergon.com.mx\/\",\"logo\":{\"@type\":\"ImageObject\",\"inLanguage\":\"es\",\"@id\":\"http:\/\/igfergon.com.mx\/#\/schema\/logo\/image\/\",\"url\":\"http:\/\/igfergon.com.mx\/wp-content\/uploads\/2018\/09\/cropped-ORDNACION02-2.jpg\",\"contentUrl\":\"http:\/\/igfergon.com.mx\/wp-content\/uploads\/2018\/09\/cropped-ORDNACION02-2.jpg\",\"width\":250,\"height\":250,\"caption\":\"El sitio del P. Ignacio Fern\u00e1ndez Gonz\u00e1lez\"},\"image\":{\"@id\":\"http:\/\/igfergon.com.mx\/#\/schema\/logo\/image\/\"},\"sameAs\":[\"https:\/\/www.facebook.com\/\"]}]}<\/script>\n<!-- \/ Yoast SEO plugin. -->","yoast_head_json":{"title":"EL ROSTRO HUMANO DE INTERNET - El sitio del P. Ignacio Fern\u00e1ndez Gonz\u00e1lez","robots":{"index":"index","follow":"follow","max-snippet":"max-snippet:-1","max-image-preview":"max-image-preview:large","max-video-preview":"max-video-preview:-1"},"canonical":"http:\/\/igfergon.com.mx\/?page_id=115","og_locale":"es_ES","og_type":"article","og_title":"EL ROSTRO HUMANO DE INTERNET - El sitio del P. Ignacio Fern\u00e1ndez Gonz\u00e1lez","og_description":"DE RUTA (VIRTUAL) POR LOS SANTUARIOS. (III PARTE) &nbsp;\u201cNossa Senhora da Concei\u00e7\u00e3o Aparecida\u201d, popularmente conocida en Brasil como \u00abNossa Senhora Aparecida\u00bb es la patrona de este inmenso pa\u00eds iberoamericano. El Santuario de \u201cNossa Senhora da Concei\u00e7\u00e3o Aparecida\u201dwww.redemptor.com.br\/~basilica se encuentra en la ciudad deAparecida a 180 kil\u00f3metros de S\u00e3o Paulo. Sin sombra de duda, es el &hellip; Continuar leyendo \"EL ROSTRO HUMANO DE INTERNET\"","og_url":"http:\/\/igfergon.com.mx\/?page_id=115","og_site_name":"El sitio del P. Ignacio Fern\u00e1ndez Gonz\u00e1lez","article_publisher":"https:\/\/www.facebook.com\/","article_modified_time":"2026-03-03T11:39:11+00:00","twitter_card":"summary_large_image","twitter_misc":{"Tiempo de lectura":"2 minutos"},"schema":{"@context":"https:\/\/schema.org","@graph":[{"@type":"WebPage","@id":"http:\/\/igfergon.com.mx\/?page_id=115","url":"http:\/\/igfergon.com.mx\/?page_id=115","name":"EL ROSTRO HUMANO DE INTERNET - El sitio del P. Ignacio Fern\u00e1ndez Gonz\u00e1lez","isPartOf":{"@id":"http:\/\/igfergon.com.mx\/#website"},"datePublished":"2018-09-08T08:31:05+00:00","dateModified":"2026-03-03T11:39:11+00:00","breadcrumb":{"@id":"http:\/\/igfergon.com.mx\/?page_id=115#breadcrumb"},"inLanguage":"es","potentialAction":[{"@type":"ReadAction","target":["http:\/\/igfergon.com.mx\/?page_id=115"]}]},{"@type":"BreadcrumbList","@id":"http:\/\/igfergon.com.mx\/?page_id=115#breadcrumb","itemListElement":[{"@type":"ListItem","position":1,"name":"Portada","item":"http:\/\/igfergon.com.mx\/"},{"@type":"ListItem","position":2,"name":"EL ROSTRO HUMANO DE INTERNET"}]},{"@type":"WebSite","@id":"http:\/\/igfergon.com.mx\/#website","url":"http:\/\/igfergon.com.mx\/","name":"El sitio del P. Ignacio Fern\u00e1ndez Gonz\u00e1lez","description":"Para Ayudarte","publisher":{"@id":"http:\/\/igfergon.com.mx\/#organization"},"potentialAction":[{"@type":"SearchAction","target":{"@type":"EntryPoint","urlTemplate":"http:\/\/igfergon.com.mx\/?s={search_term_string}"},"query-input":{"@type":"PropertyValueSpecification","valueRequired":true,"valueName":"search_term_string"}}],"inLanguage":"es"},{"@type":"Organization","@id":"http:\/\/igfergon.com.mx\/#organization","name":"El sitio del P. Ignacio Fern\u00e1ndez Gonz\u00e1lez","url":"http:\/\/igfergon.com.mx\/","logo":{"@type":"ImageObject","inLanguage":"es","@id":"http:\/\/igfergon.com.mx\/#\/schema\/logo\/image\/","url":"http:\/\/igfergon.com.mx\/wp-content\/uploads\/2018\/09\/cropped-ORDNACION02-2.jpg","contentUrl":"http:\/\/igfergon.com.mx\/wp-content\/uploads\/2018\/09\/cropped-ORDNACION02-2.jpg","width":250,"height":250,"caption":"El sitio del P. Ignacio Fern\u00e1ndez Gonz\u00e1lez"},"image":{"@id":"http:\/\/igfergon.com.mx\/#\/schema\/logo\/image\/"},"sameAs":["https:\/\/www.facebook.com\/"]}]}},"_links":{"self":[{"href":"http:\/\/igfergon.com.mx\/index.php?rest_route=\/wp\/v2\/pages\/115","targetHints":{"allow":["GET"]}}],"collection":[{"href":"http:\/\/igfergon.com.mx\/index.php?rest_route=\/wp\/v2\/pages"}],"about":[{"href":"http:\/\/igfergon.com.mx\/index.php?rest_route=\/wp\/v2\/types\/page"}],"author":[{"embeddable":true,"href":"http:\/\/igfergon.com.mx\/index.php?rest_route=\/wp\/v2\/users\/1"}],"replies":[{"embeddable":true,"href":"http:\/\/igfergon.com.mx\/index.php?rest_route=%2Fwp%2Fv2%2Fcomments&post=115"}],"version-history":[{"count":60,"href":"http:\/\/igfergon.com.mx\/index.php?rest_route=\/wp\/v2\/pages\/115\/revisions"}],"predecessor-version":[{"id":6133,"href":"http:\/\/igfergon.com.mx\/index.php?rest_route=\/wp\/v2\/pages\/115\/revisions\/6133"}],"wp:attachment":[{"href":"http:\/\/igfergon.com.mx\/index.php?rest_route=%2Fwp%2Fv2%2Fmedia&parent=115"}],"curies":[{"name":"wp","href":"https:\/\/api.w.org\/{rel}","templated":true}]}}