{"id":289,"date":"2018-09-13T11:48:13","date_gmt":"2018-09-13T09:48:13","guid":{"rendered":"http:\/\/igfergon.com.mx\/?page_id=289"},"modified":"2026-03-03T14:03:39","modified_gmt":"2026-03-03T12:03:39","slug":"moniciones","status":"publish","type":"page","link":"http:\/\/igfergon.com.mx\/?page_id=289","title":{"rendered":"MONICIONES"},"content":{"rendered":"\n<p><a href=\"https:\/\/cristomaniacatolica.com\/liturgia\/moniciones-ciclo-a\/moniciones-iii-domingo-de-cuaresma-ciclo-a\/\">Moniciones y Lectura 8 de marzo de 2026 \u2013 III Domingo de Cuaresma Ciclo A<\/a><\/p>\n\n\n\n<p><a href=\"https:\/\/cristomaniacatolica.com\/liturgia\/moniciones-ciclo-a\/moniciones-y-lecturas-iv-domingo-de-cuaresma-ciclo-a\/\">Moniciones y Lecturas 18 de marzo de 2026 \u2013 IV Domingo de Cuaresma Ciclo A<\/a><\/p>\n\n\n\n<p><a href=\"https:\/\/cristomaniacatolica.com\/liturgia\/moniciones-especiales\/moniciones-solemnidad-de-san-jose-esposo-de-la-virgen-maria-19-de-marzo\/\">Moniciones y Lecturas jueves 19 de marzo de 2026 \u2013 Solemnidad de San Jos\u00e9, esposo de la Virgen Mar\u00eda<\/a><\/p>\n\n\n\n<p><a href=\"https:\/\/cristomaniacatolica.com\/liturgia\/moniciones-ciclo-a\/moniciones-y-lecturas-v-domingo-de-cuaresma-ciclo-a\/\">Moniciones y Lecturas 22 de marzo de 2026 \u2013 V Domingo de Cuaresma Ciclo A<\/a><\/p>\n\n\n\n<p><a href=\"https:\/\/cristomaniacatolica.com\/liturgia\/moniciones-especiales\/moniciones-y-lecturas-25-de-marzo-solemnidad-de-la-anunciacion-del-senor\/\">Moniciones y Lecturas Mi\u00e9rcoles 25 de marzo de 2026: Solemnidad de la Anunciaci\u00f3n del Se\u00f1or<\/a><\/p>\n\n\n\n<p><a href=\"https:\/\/cristomaniacatolica.com\/liturgia\/moniciones-ciclo-a\/moniciones-y-lecturas-domingo-de-ramos-ciclo-a\/\">Moniciones y Lecturas 29 de marzo de 2026 \u2013 Domingo de Ramos Ciclo A<\/a><\/p>\n\n\n\n<p><a href=\"https:\/\/cristomaniacatolica.com\/liturgia\/moniciones-especiales\/moniciones-y-lecturas-jueves-santo-misa-de-la-cena-del-senor\/\">Moniciones y Lecturas 2 de abril de 2026 \u2013 Jueves Santo Misa de la Cena del Se\u00f1or<\/a><\/p>\n\n\n\n<p><a href=\"https:\/\/cristomaniacatolica.com\/liturgia\/moniciones-especiales\/moniciones-y-lecturas-viernes-santo-celebracion-de-la-pasion-del-senor\/\">Moniciones y Lecturas 3 de abril de 2026 \u2013 Viernes Santo Celebraci\u00f3n de la Pasi\u00f3n del Se\u00f1or<\/a><\/p>\n\n\n\n<p><a href=\"https:\/\/cristomaniacatolica.com\/liturgia\/moniciones-especiales\/moniciones-para-la-vigilia-pascual\/\">Moniciones y Lecturas 4 de abril de 2026 \u2013 Vigilia Pascual<\/a><\/p>\n\n\n\n<p><a href=\"https:\/\/cristomaniacatolica.com\/liturgia\/moniciones-especiales\/moniciones-y-lecturas-domingo-de-pascua-de-la-resurreccion-del-senor\/\">Moniciones y lecturas 5 de abril de 2026 \u2013 Domingo de Pascua de la Resurrecci\u00f3n del Se\u00f1or<\/a><\/p>\n\n\n\n<p><\/p>\n","protected":false},"excerpt":{"rendered":"<p>Moniciones y Lectura 8 de marzo de 2026 \u2013 III Domingo de Cuaresma Ciclo A Moniciones y Lecturas 18 de marzo de 2026 \u2013 IV Domingo de Cuaresma Ciclo A Moniciones y Lecturas jueves 19 de marzo de 2026 \u2013 Solemnidad de San Jos\u00e9, esposo de la Virgen Mar\u00eda Moniciones y Lecturas 22 de marzo &hellip; <\/p>\n<p class=\"link-more\"><a href=\"http:\/\/igfergon.com.mx\/?page_id=289\" class=\"more-link\">Continuar leyendo<span class=\"screen-reader-text\"> \u00abMONICIONES\u00bb<\/span><\/a><\/p>\n","protected":false},"author":1,"featured_media":0,"parent":0,"menu_order":0,"comment_status":"closed","ping_status":"closed","template":"","meta":{"footnotes":""},"class_list":["post-289","page","type-page","status-publish","hentry"],"yoast_head":"<!-- This site is optimized with the Yoast SEO plugin v26.0 - https:\/\/yoast.com\/wordpress\/plugins\/seo\/ -->\n<title>MONICIONES - El sitio del P. Ignacio Fern\u00e1ndez Gonz\u00e1lez<\/title>\n<meta name=\"robots\" content=\"index, follow, max-snippet:-1, max-image-preview:large, max-video-preview:-1\" \/>\n<link rel=\"canonical\" href=\"http:\/\/igfergon.com.mx\/?page_id=289\" \/>\n<meta property=\"og:locale\" content=\"es_ES\" \/>\n<meta property=\"og:type\" content=\"article\" \/>\n<meta property=\"og:title\" content=\"MONICIONES - El sitio del P. Ignacio Fern\u00e1ndez Gonz\u00e1lez\" \/>\n<meta property=\"og:description\" content=\"Moniciones y Lectura 8 de marzo de 2026 \u2013 III Domingo de Cuaresma Ciclo A Moniciones y Lecturas 18 de marzo de 2026 \u2013 IV Domingo de Cuaresma Ciclo A Moniciones y Lecturas jueves 19 de marzo de 2026 \u2013 Solemnidad de San Jos\u00e9, esposo de la Virgen Mar\u00eda Moniciones y Lecturas 22 de marzo &hellip; Continuar leyendo &quot;MONICIONES&quot;\" \/>\n<meta property=\"og:url\" content=\"http:\/\/igfergon.com.mx\/?page_id=289\" \/>\n<meta property=\"og:site_name\" content=\"El sitio del P. Ignacio Fern\u00e1ndez Gonz\u00e1lez\" \/>\n<meta property=\"article:publisher\" content=\"https:\/\/www.facebook.com\/\" \/>\n<meta property=\"article:modified_time\" content=\"2026-03-03T12:03:39+00:00\" \/>\n<meta name=\"twitter:card\" content=\"summary_large_image\" \/>\n<meta name=\"twitter:label1\" content=\"Tiempo de lectura\" \/>\n\t<meta name=\"twitter:data1\" content=\"1 minuto\" \/>\n<script type=\"application\/ld+json\" class=\"yoast-schema-graph\">{\"@context\":\"https:\/\/schema.org\",\"@graph\":[{\"@type\":\"WebPage\",\"@id\":\"http:\/\/igfergon.com.mx\/?page_id=289\",\"url\":\"http:\/\/igfergon.com.mx\/?page_id=289\",\"name\":\"MONICIONES - El sitio del P. Ignacio Fern\u00e1ndez Gonz\u00e1lez\",\"isPartOf\":{\"@id\":\"http:\/\/igfergon.com.mx\/#website\"},\"datePublished\":\"2018-09-13T09:48:13+00:00\",\"dateModified\":\"2026-03-03T12:03:39+00:00\",\"breadcrumb\":{\"@id\":\"http:\/\/igfergon.com.mx\/?page_id=289#breadcrumb\"},\"inLanguage\":\"es\",\"potentialAction\":[{\"@type\":\"ReadAction\",\"target\":[\"http:\/\/igfergon.com.mx\/?page_id=289\"]}]},{\"@type\":\"BreadcrumbList\",\"@id\":\"http:\/\/igfergon.com.mx\/?page_id=289#breadcrumb\",\"itemListElement\":[{\"@type\":\"ListItem\",\"position\":1,\"name\":\"Portada\",\"item\":\"http:\/\/igfergon.com.mx\/\"},{\"@type\":\"ListItem\",\"position\":2,\"name\":\"MONICIONES\"}]},{\"@type\":\"WebSite\",\"@id\":\"http:\/\/igfergon.com.mx\/#website\",\"url\":\"http:\/\/igfergon.com.mx\/\",\"name\":\"El sitio del P. Ignacio Fern\u00e1ndez Gonz\u00e1lez\",\"description\":\"Para Ayudarte\",\"publisher\":{\"@id\":\"http:\/\/igfergon.com.mx\/#organization\"},\"potentialAction\":[{\"@type\":\"SearchAction\",\"target\":{\"@type\":\"EntryPoint\",\"urlTemplate\":\"http:\/\/igfergon.com.mx\/?s={search_term_string}\"},\"query-input\":{\"@type\":\"PropertyValueSpecification\",\"valueRequired\":true,\"valueName\":\"search_term_string\"}}],\"inLanguage\":\"es\"},{\"@type\":\"Organization\",\"@id\":\"http:\/\/igfergon.com.mx\/#organization\",\"name\":\"El sitio del P. Ignacio Fern\u00e1ndez Gonz\u00e1lez\",\"url\":\"http:\/\/igfergon.com.mx\/\",\"logo\":{\"@type\":\"ImageObject\",\"inLanguage\":\"es\",\"@id\":\"http:\/\/igfergon.com.mx\/#\/schema\/logo\/image\/\",\"url\":\"http:\/\/igfergon.com.mx\/wp-content\/uploads\/2018\/09\/cropped-ORDNACION02-2.jpg\",\"contentUrl\":\"http:\/\/igfergon.com.mx\/wp-content\/uploads\/2018\/09\/cropped-ORDNACION02-2.jpg\",\"width\":250,\"height\":250,\"caption\":\"El sitio del P. Ignacio Fern\u00e1ndez Gonz\u00e1lez\"},\"image\":{\"@id\":\"http:\/\/igfergon.com.mx\/#\/schema\/logo\/image\/\"},\"sameAs\":[\"https:\/\/www.facebook.com\/\"]}]}<\/script>\n<!-- \/ Yoast SEO plugin. -->","yoast_head_json":{"title":"MONICIONES - El sitio del P. Ignacio Fern\u00e1ndez Gonz\u00e1lez","robots":{"index":"index","follow":"follow","max-snippet":"max-snippet:-1","max-image-preview":"max-image-preview:large","max-video-preview":"max-video-preview:-1"},"canonical":"http:\/\/igfergon.com.mx\/?page_id=289","og_locale":"es_ES","og_type":"article","og_title":"MONICIONES - El sitio del P. Ignacio Fern\u00e1ndez Gonz\u00e1lez","og_description":"Moniciones y Lectura 8 de marzo de 2026 \u2013 III Domingo de Cuaresma Ciclo A Moniciones y Lecturas 18 de marzo de 2026 \u2013 IV Domingo de Cuaresma Ciclo A Moniciones y Lecturas jueves 19 de marzo de 2026 \u2013 Solemnidad de San Jos\u00e9, esposo de la Virgen Mar\u00eda Moniciones y Lecturas 22 de marzo &hellip; Continuar leyendo \"MONICIONES\"","og_url":"http:\/\/igfergon.com.mx\/?page_id=289","og_site_name":"El sitio del P. Ignacio Fern\u00e1ndez Gonz\u00e1lez","article_publisher":"https:\/\/www.facebook.com\/","article_modified_time":"2026-03-03T12:03:39+00:00","twitter_card":"summary_large_image","twitter_misc":{"Tiempo de lectura":"1 minuto"},"schema":{"@context":"https:\/\/schema.org","@graph":[{"@type":"WebPage","@id":"http:\/\/igfergon.com.mx\/?page_id=289","url":"http:\/\/igfergon.com.mx\/?page_id=289","name":"MONICIONES - El sitio del P. Ignacio Fern\u00e1ndez Gonz\u00e1lez","isPartOf":{"@id":"http:\/\/igfergon.com.mx\/#website"},"datePublished":"2018-09-13T09:48:13+00:00","dateModified":"2026-03-03T12:03:39+00:00","breadcrumb":{"@id":"http:\/\/igfergon.com.mx\/?page_id=289#breadcrumb"},"inLanguage":"es","potentialAction":[{"@type":"ReadAction","target":["http:\/\/igfergon.com.mx\/?page_id=289"]}]},{"@type":"BreadcrumbList","@id":"http:\/\/igfergon.com.mx\/?page_id=289#breadcrumb","itemListElement":[{"@type":"ListItem","position":1,"name":"Portada","item":"http:\/\/igfergon.com.mx\/"},{"@type":"ListItem","position":2,"name":"MONICIONES"}]},{"@type":"WebSite","@id":"http:\/\/igfergon.com.mx\/#website","url":"http:\/\/igfergon.com.mx\/","name":"El sitio del P. Ignacio Fern\u00e1ndez Gonz\u00e1lez","description":"Para Ayudarte","publisher":{"@id":"http:\/\/igfergon.com.mx\/#organization"},"potentialAction":[{"@type":"SearchAction","target":{"@type":"EntryPoint","urlTemplate":"http:\/\/igfergon.com.mx\/?s={search_term_string}"},"query-input":{"@type":"PropertyValueSpecification","valueRequired":true,"valueName":"search_term_string"}}],"inLanguage":"es"},{"@type":"Organization","@id":"http:\/\/igfergon.com.mx\/#organization","name":"El sitio del P. Ignacio Fern\u00e1ndez Gonz\u00e1lez","url":"http:\/\/igfergon.com.mx\/","logo":{"@type":"ImageObject","inLanguage":"es","@id":"http:\/\/igfergon.com.mx\/#\/schema\/logo\/image\/","url":"http:\/\/igfergon.com.mx\/wp-content\/uploads\/2018\/09\/cropped-ORDNACION02-2.jpg","contentUrl":"http:\/\/igfergon.com.mx\/wp-content\/uploads\/2018\/09\/cropped-ORDNACION02-2.jpg","width":250,"height":250,"caption":"El sitio del P. Ignacio Fern\u00e1ndez Gonz\u00e1lez"},"image":{"@id":"http:\/\/igfergon.com.mx\/#\/schema\/logo\/image\/"},"sameAs":["https:\/\/www.facebook.com\/"]}]}},"_links":{"self":[{"href":"http:\/\/igfergon.com.mx\/index.php?rest_route=\/wp\/v2\/pages\/289","targetHints":{"allow":["GET"]}}],"collection":[{"href":"http:\/\/igfergon.com.mx\/index.php?rest_route=\/wp\/v2\/pages"}],"about":[{"href":"http:\/\/igfergon.com.mx\/index.php?rest_route=\/wp\/v2\/types\/page"}],"author":[{"embeddable":true,"href":"http:\/\/igfergon.com.mx\/index.php?rest_route=\/wp\/v2\/users\/1"}],"replies":[{"embeddable":true,"href":"http:\/\/igfergon.com.mx\/index.php?rest_route=%2Fwp%2Fv2%2Fcomments&post=289"}],"version-history":[{"count":119,"href":"http:\/\/igfergon.com.mx\/index.php?rest_route=\/wp\/v2\/pages\/289\/revisions"}],"predecessor-version":[{"id":6137,"href":"http:\/\/igfergon.com.mx\/index.php?rest_route=\/wp\/v2\/pages\/289\/revisions\/6137"}],"wp:attachment":[{"href":"http:\/\/igfergon.com.mx\/index.php?rest_route=%2Fwp%2Fv2%2Fmedia&parent=289"}],"curies":[{"name":"wp","href":"https:\/\/api.w.org\/{rel}","templated":true}]}}