{"id":46,"date":"2018-09-07T09:56:13","date_gmt":"2018-09-07T09:56:13","guid":{"rendered":"http:\/\/igfergon.com.mx\/?page_id=46"},"modified":"2026-03-03T13:21:11","modified_gmt":"2026-03-03T11:21:11","slug":"articulos-y-comentarios","status":"publish","type":"page","link":"http:\/\/igfergon.com.mx\/?page_id=46","title":{"rendered":"ARTICULOS Y OPINIONES"},"content":{"rendered":"\n<h1 class=\"wp-block-heading has-vivid-cyan-blue-color has-text-color\">Digital Rerum Novarum: Una IA para la Paz, la Justicia Social y el Desarrollo Humano Integral<\/h1>\n\n\n<div class=\"wp-block-image\">\n<figure class=\"aligncenter size-full\"><img loading=\"lazy\" decoding=\"async\" width=\"500\" height=\"281\" src=\"http:\/\/igfergon.com.mx\/wp-content\/uploads\/2026\/03\/image-1.png\" alt=\"\" class=\"wp-image-6128\" srcset=\"http:\/\/igfergon.com.mx\/wp-content\/uploads\/2026\/03\/image-1.png 500w, http:\/\/igfergon.com.mx\/wp-content\/uploads\/2026\/03\/image-1-300x169.png 300w, http:\/\/igfergon.com.mx\/wp-content\/uploads\/2026\/03\/image-1-200x112.png 200w\" sizes=\"auto, (max-width: 500px) 100vw, 500px\" \/><\/figure>\n<\/div>\n\n\n<h5 class=\"wp-block-heading\">En el seminario organizado por la Pontificia Academia de Ciencias Sociales los d\u00edas 16 y 17 de octubre en la Casina Pio IV del Vaticano, 50 expertos mundiales de diferentes disciplinas intercambiaron experiencias para promover un uso responsable, \u00e9tico y human\u00edstico de la tecnolog\u00eda digital. Se constituye una Red de IA de Am\u00e9rica Latina para el Desarrollo Humano Integral.<\/h5>\n\n\n\n<p>Bajo el lema \u201cDigital Rerum Novarum, una Inteligencia Artificial para la paz, la justicia social y el desarrollo humano integral\u201d, la Pontificia Academia de Ciencias Sociales convoc\u00f3 entre el 16 y 17 de octubre en la Cassina Pio IV del Vaticano a 50 expertos mundiales de m\u00faltiples disciplinas, para promover un intercambio de experiencias que puedan servir para promover un empleo responsable, \u00e9tico y humanista de la tecnolog\u00eda m\u00e1s disruptiva de nuestro tiempo.<\/p>\n\n\n\n<p>Tambi\u00e9n se conform\u00f3 una Red IA de Am\u00e9rica Latina para el Desarrollo Humano Integral, que tendr\u00e1 como prop\u00f3sito integrar la aplicaci\u00f3n de esta nueva tecnolog\u00eda teniendo en cuenta \u201cel grito de los pobres\u201d y el impulso de pol\u00edticas productivas integrales, bajo la inspiraci\u00f3n de una ecolog\u00eda integral.<\/p>\n\n\n\n<p>El seminario armoniz\u00f3 perspectivas tanto acad\u00e9micas como pr\u00e1cticas, combinando la investigaci\u00f3n te\u00f3rica con el an\u00e1lisis de casos concretos.<\/p>\n\n\n\n<p>Se subray\u00f3 la importancia de detener la carrera armamentista en torno de la IA para la guerra, en l\u00ednea con los llamados del Papa Leo IVX sobre el impulso de la \u201caudacia del desarme\u201d. Tambi\u00e9n se destac\u00f3 la necesidad de armonizar las m\u00faltiples iniciativas de regulaci\u00f3n de la IA, en un marco global com\u00fan que sea obligatorio y tenga consecuencias en caso de incumplimiento, bajo la supervisi\u00f3n de una institucionalidad adecuada para los tiempos digitales.<\/p>\n\n\n\n<p>La hora de pensar \u201cfuera de la caja opaca de los algoritmos\u201d y dentro de los desaf\u00edos sociales de nuestro tiempo, para escuchar mejor a los sectores m\u00e1s vulnerables, ocup\u00f3 un lugar esencial en las discusiones.<\/p>\n\n\n\n<p>La armon\u00eda ambiental con el desarrollo de los data centres que consumen grandes montos de energ\u00eda, la infraestructura f\u00edsica para la expansi\u00f3n de la IA compatible con un nuevo modelo de desarrollo industrial y la necesidad de cooperaci\u00f3n regional en los pa\u00edses m\u00e1s postergados tambi\u00e9n fue subrayada especialmente.<\/p>\n\n\n\n<p>El futuro del trabajo se analiz\u00f3 desde una dimensi\u00f3n integral, bajo el concepto de la justicia social tecnol\u00f3gica, que requiere un pacto entre trabajadores, empresarios, comunidad cient\u00edfica y el Estado, para distribuir ex ante los potenciales beneficios de la aplicaci\u00f3n de la IA en el mundo privado y p\u00fablico. Bajo esta perspectiva, se analizaron propuestas de ingreso b\u00e1sico universal, capital b\u00e1sico universal, y como reforzar cadenas globales de valor que tengan en cuanta la adecuada distribuci\u00f3n de los avances tecnol\u00f3gicos como un bien p\u00fablico global.<\/p>\n\n\n\n<p>Datos que respeten la privacidad y reflejen la diversidad cultural y geogr\u00e1fica y social, capacidad de computaci\u00f3n, conectividad, electricidad, ciberseguridad, mitigaci\u00f3n de riesgos y habilidades de trabajo adecuadas, fueron otros de los elementos claves analizados.<\/p>\n\n\n\n<p>Tambi\u00e9n fue subrayada la necesidad de superar la concentraci\u00f3n monop\u00f3lica en el mercado de la IA, y por consecuencia la importancia de tener transparencia e innovaci\u00f3n institucional. Desde esta dimensi\u00f3n, tambi\u00e9n se mencion\u00f3 la relevancia que se piensen con creatividad nuevos modelos de negocios, que establezcan los adecuados incentivos<\/p>\n\n\n\n<p>Se requiere una IA que sea parte de una pol\u00edtica industrial innovadora, que est\u00e9 a la altura de los tiempos de innovaci\u00f3n, con la capacidad de tener un plan de desarrollo que contemple la dimensi\u00f3n del trabajo humano como mecanismo central de integraci\u00f3n social.<\/p>\n\n\n\n<p>Una IA que respete derechos humanos b\u00e1sicos tambi\u00e9n supone innovaci\u00f3n, pues involucra una generaci\u00f3n de \u201cneuro-derechos\u201d que tengan en cuenta los peligros de la interacci\u00f3n de la mente y el cerebro humano con herramientas tecnol\u00f3gicas invasivas.<\/p>\n\n\n\n<p>En todos los casos, en l\u00ednea con pronunciamientos cient\u00edficos recientes, se destac\u00f3 la importancia que las personas siempre tengan la \u00faltima palabra al momento de definir decisiones b\u00e1sicas en el empleo de las tecnolog\u00edas de IA.<\/p>\n\n\n\n<p>Tambi\u00e9n se conform\u00f3 una Red de Conocimiento de IA para el Desarrollo Humana Integral para Am\u00e9rica Latina, con la participaci\u00f3n de las instituciones y expertos presentes, con el prop\u00f3sito de subrayar la presencia de los pa\u00edses de la regi\u00f3n con el resto de las instituciones globales. Bajo los auspicios de PASS, y con el apoyo de conocimiento, entre otros, de la Universidad de Massachusetts, la Universidad de Notre Dame, el Laboratorio de Inteligencia Artificial de la Universidad de Buenos Aires, la Fundaci\u00f3n Getulio Vargas, el AI Civic Lab de Northeastern &nbsp;University; la Confederaci\u00f3n de Laboratorios de IA en Europa; el Programa de Naciones Unidas para el Desarrollo; la Fundaci\u00f3n Alana; el Centro Nacional de Inteligencia Artificial de Chile; el Banco de Desarrollo de Am\u00e9rica Latina; y el Instituto de Florencia de la Universidad Europea.<\/p>\n\n\n\n<p>La Red celebrar\u00e1 encuentros peri\u00f3dicos con el prop\u00f3sito de intercambiar conocimiento, mejores pr\u00e1cticas, analizar obst\u00e1culos de implementaci\u00f3n y promover una amplia participaci\u00f3n de las instituciones de la regi\u00f3n, para cumplir con el postulado de que \u201clas m\u00e1quinas mas innovadoras est\u00e9n al servicio de las personas, y no de modo inverso\u201d.<\/p>\n\n\n\n<p>El Seminario, que cont\u00f3 con la colaboraci\u00f3n de la Universidad de Notre Dame, fue inaugurado por el Cardenal Peter Turkson, canciller de PASS, quien rese\u00f1\u00f3 el trabajo que la instituci\u00f3n que lidera viene realizando en esta materia en las \u00faltimas d\u00e9cadas, y por la hermana Helen Alford, presidente de PASS, quien enfatiz\u00f3 la relaci\u00f3n esencial que la IA tiene con el concepto de paz y desarrollo. Tambi\u00e9n coordin\u00f3 el panel que discuti\u00f3 sobre el futuro del trabajo Monse\u00f1or Paul Tighe, secretario del Dicasterio de Cultura y Educaci\u00f3n.<\/p>\n\n\n\n<p>Gustavo Beliz y Paolo Carozza, miembros de PASS, enfatizaron tambi\u00e9n en la inauguraci\u00f3n del Seminario la necesidad de promover un di\u00e1logo multidisciplinario, que supere el paradigma tecnocr\u00e1tico, y la importancia de impulsar medidas proactivas para una integraci\u00f3n positiva, cooperativa e integrativa de la IA para el desarrollo humano integral.<\/p>\n\n\n\n<p>Entre los expertos que dijeron presente en PASS se contaron, entre otros: David Autor, del MIT; Jaron Lanier (principal investigador de Microsoft); Daniel Innerarity, de la Universidad de Europa; Nathan Gardels del Berggruen Institute; Carme Artigas, Jimena Viveros y Vanina Mart\u00ednez de la Comisi\u00f3n de Alto Nivel de ONU sobre IA; Molly Kinder, de Brookings Institute; Tongdong Bai, de Fudan University de China; Jeffrey Sachs, de Columbia University; Luis Moreno Ocampo y Nestor Caticha de la Universidad de San Pablo; Markus Brunnermeier de Princeton University; Delfina Belli de The Future Society; Rebeka Finlay, del Partnership for Artificial Intelligence; Paul Nemitz, del College de Europa; y Gregory Reichberg del Instituto de Investigaci\u00f3n para la Paz de Oslo; Mateo Balero del Centro de Supercomputacion de Barcelona; y James Williams, del Oxford Internet Institute; &nbsp;y Nitesh Chawla de la Universidad de Notre Dame.&nbsp;<\/p>\n","protected":false},"excerpt":{"rendered":"<p>Digital Rerum Novarum: Una IA para la Paz, la Justicia Social y el Desarrollo Humano Integral En el seminario organizado por la Pontificia Academia de Ciencias Sociales los d\u00edas 16 y 17 de octubre en la Casina Pio IV del Vaticano, 50 expertos mundiales de diferentes disciplinas intercambiaron experiencias para promover un uso responsable, \u00e9tico &hellip; <\/p>\n<p class=\"link-more\"><a href=\"http:\/\/igfergon.com.mx\/?page_id=46\" class=\"more-link\">Continuar leyendo<span class=\"screen-reader-text\"> \u00abARTICULOS Y OPINIONES\u00bb<\/span><\/a><\/p>\n","protected":false},"author":1,"featured_media":0,"parent":0,"menu_order":0,"comment_status":"closed","ping_status":"closed","template":"","meta":{"footnotes":""},"class_list":["post-46","page","type-page","status-publish","hentry"],"yoast_head":"<!-- This site is optimized with the Yoast SEO plugin v26.0 - https:\/\/yoast.com\/wordpress\/plugins\/seo\/ -->\n<title>ARTICULOS Y OPINIONES - El sitio del P. Ignacio Fern\u00e1ndez Gonz\u00e1lez<\/title>\n<meta name=\"robots\" content=\"index, follow, max-snippet:-1, max-image-preview:large, max-video-preview:-1\" \/>\n<link rel=\"canonical\" href=\"http:\/\/igfergon.com.mx\/?page_id=46\" \/>\n<meta property=\"og:locale\" content=\"es_ES\" \/>\n<meta property=\"og:type\" content=\"article\" \/>\n<meta property=\"og:title\" content=\"ARTICULOS Y OPINIONES - El sitio del P. Ignacio Fern\u00e1ndez Gonz\u00e1lez\" \/>\n<meta property=\"og:description\" content=\"Digital Rerum Novarum: Una IA para la Paz, la Justicia Social y el Desarrollo Humano Integral En el seminario organizado por la Pontificia Academia de Ciencias Sociales los d\u00edas 16 y 17 de octubre en la Casina Pio IV del Vaticano, 50 expertos mundiales de diferentes disciplinas intercambiaron experiencias para promover un uso responsable, \u00e9tico &hellip; Continuar leyendo &quot;ARTICULOS Y OPINIONES&quot;\" \/>\n<meta property=\"og:url\" content=\"http:\/\/igfergon.com.mx\/?page_id=46\" \/>\n<meta property=\"og:site_name\" content=\"El sitio del P. Ignacio Fern\u00e1ndez Gonz\u00e1lez\" \/>\n<meta property=\"article:publisher\" content=\"https:\/\/www.facebook.com\/\" \/>\n<meta property=\"article:modified_time\" content=\"2026-03-03T11:21:11+00:00\" \/>\n<meta property=\"og:image\" content=\"http:\/\/igfergon.com.mx\/wp-content\/uploads\/2026\/03\/image-1.png\" \/>\n\t<meta property=\"og:image:width\" content=\"500\" \/>\n\t<meta property=\"og:image:height\" content=\"281\" \/>\n\t<meta property=\"og:image:type\" content=\"image\/png\" \/>\n<meta name=\"twitter:card\" content=\"summary_large_image\" \/>\n<meta name=\"twitter:label1\" content=\"Tiempo de lectura\" \/>\n\t<meta name=\"twitter:data1\" content=\"6 minutos\" \/>\n<script type=\"application\/ld+json\" class=\"yoast-schema-graph\">{\"@context\":\"https:\/\/schema.org\",\"@graph\":[{\"@type\":\"WebPage\",\"@id\":\"http:\/\/igfergon.com.mx\/?page_id=46\",\"url\":\"http:\/\/igfergon.com.mx\/?page_id=46\",\"name\":\"ARTICULOS Y OPINIONES - El sitio del P. Ignacio Fern\u00e1ndez Gonz\u00e1lez\",\"isPartOf\":{\"@id\":\"http:\/\/igfergon.com.mx\/#website\"},\"primaryImageOfPage\":{\"@id\":\"http:\/\/igfergon.com.mx\/?page_id=46#primaryimage\"},\"image\":{\"@id\":\"http:\/\/igfergon.com.mx\/?page_id=46#primaryimage\"},\"thumbnailUrl\":\"http:\/\/igfergon.com.mx\/wp-content\/uploads\/2026\/03\/image-1.png\",\"datePublished\":\"2018-09-07T09:56:13+00:00\",\"dateModified\":\"2026-03-03T11:21:11+00:00\",\"breadcrumb\":{\"@id\":\"http:\/\/igfergon.com.mx\/?page_id=46#breadcrumb\"},\"inLanguage\":\"es\",\"potentialAction\":[{\"@type\":\"ReadAction\",\"target\":[\"http:\/\/igfergon.com.mx\/?page_id=46\"]}]},{\"@type\":\"ImageObject\",\"inLanguage\":\"es\",\"@id\":\"http:\/\/igfergon.com.mx\/?page_id=46#primaryimage\",\"url\":\"http:\/\/igfergon.com.mx\/wp-content\/uploads\/2026\/03\/image-1.png\",\"contentUrl\":\"http:\/\/igfergon.com.mx\/wp-content\/uploads\/2026\/03\/image-1.png\",\"width\":500,\"height\":281},{\"@type\":\"BreadcrumbList\",\"@id\":\"http:\/\/igfergon.com.mx\/?page_id=46#breadcrumb\",\"itemListElement\":[{\"@type\":\"ListItem\",\"position\":1,\"name\":\"Portada\",\"item\":\"http:\/\/igfergon.com.mx\/\"},{\"@type\":\"ListItem\",\"position\":2,\"name\":\"ARTICULOS Y OPINIONES\"}]},{\"@type\":\"WebSite\",\"@id\":\"http:\/\/igfergon.com.mx\/#website\",\"url\":\"http:\/\/igfergon.com.mx\/\",\"name\":\"El sitio del P. Ignacio Fern\u00e1ndez Gonz\u00e1lez\",\"description\":\"Para Ayudarte\",\"publisher\":{\"@id\":\"http:\/\/igfergon.com.mx\/#organization\"},\"potentialAction\":[{\"@type\":\"SearchAction\",\"target\":{\"@type\":\"EntryPoint\",\"urlTemplate\":\"http:\/\/igfergon.com.mx\/?s={search_term_string}\"},\"query-input\":{\"@type\":\"PropertyValueSpecification\",\"valueRequired\":true,\"valueName\":\"search_term_string\"}}],\"inLanguage\":\"es\"},{\"@type\":\"Organization\",\"@id\":\"http:\/\/igfergon.com.mx\/#organization\",\"name\":\"El sitio del P. Ignacio Fern\u00e1ndez Gonz\u00e1lez\",\"url\":\"http:\/\/igfergon.com.mx\/\",\"logo\":{\"@type\":\"ImageObject\",\"inLanguage\":\"es\",\"@id\":\"http:\/\/igfergon.com.mx\/#\/schema\/logo\/image\/\",\"url\":\"http:\/\/igfergon.com.mx\/wp-content\/uploads\/2018\/09\/cropped-ORDNACION02-2.jpg\",\"contentUrl\":\"http:\/\/igfergon.com.mx\/wp-content\/uploads\/2018\/09\/cropped-ORDNACION02-2.jpg\",\"width\":250,\"height\":250,\"caption\":\"El sitio del P. Ignacio Fern\u00e1ndez Gonz\u00e1lez\"},\"image\":{\"@id\":\"http:\/\/igfergon.com.mx\/#\/schema\/logo\/image\/\"},\"sameAs\":[\"https:\/\/www.facebook.com\/\"]}]}<\/script>\n<!-- \/ Yoast SEO plugin. -->","yoast_head_json":{"title":"ARTICULOS Y OPINIONES - El sitio del P. Ignacio Fern\u00e1ndez Gonz\u00e1lez","robots":{"index":"index","follow":"follow","max-snippet":"max-snippet:-1","max-image-preview":"max-image-preview:large","max-video-preview":"max-video-preview:-1"},"canonical":"http:\/\/igfergon.com.mx\/?page_id=46","og_locale":"es_ES","og_type":"article","og_title":"ARTICULOS Y OPINIONES - El sitio del P. Ignacio Fern\u00e1ndez Gonz\u00e1lez","og_description":"Digital Rerum Novarum: Una IA para la Paz, la Justicia Social y el Desarrollo Humano Integral En el seminario organizado por la Pontificia Academia de Ciencias Sociales los d\u00edas 16 y 17 de octubre en la Casina Pio IV del Vaticano, 50 expertos mundiales de diferentes disciplinas intercambiaron experiencias para promover un uso responsable, \u00e9tico &hellip; Continuar leyendo \"ARTICULOS Y OPINIONES\"","og_url":"http:\/\/igfergon.com.mx\/?page_id=46","og_site_name":"El sitio del P. Ignacio Fern\u00e1ndez Gonz\u00e1lez","article_publisher":"https:\/\/www.facebook.com\/","article_modified_time":"2026-03-03T11:21:11+00:00","og_image":[{"width":500,"height":281,"url":"http:\/\/igfergon.com.mx\/wp-content\/uploads\/2026\/03\/image-1.png","type":"image\/png"}],"twitter_card":"summary_large_image","twitter_misc":{"Tiempo de lectura":"6 minutos"},"schema":{"@context":"https:\/\/schema.org","@graph":[{"@type":"WebPage","@id":"http:\/\/igfergon.com.mx\/?page_id=46","url":"http:\/\/igfergon.com.mx\/?page_id=46","name":"ARTICULOS Y OPINIONES - El sitio del P. Ignacio Fern\u00e1ndez Gonz\u00e1lez","isPartOf":{"@id":"http:\/\/igfergon.com.mx\/#website"},"primaryImageOfPage":{"@id":"http:\/\/igfergon.com.mx\/?page_id=46#primaryimage"},"image":{"@id":"http:\/\/igfergon.com.mx\/?page_id=46#primaryimage"},"thumbnailUrl":"http:\/\/igfergon.com.mx\/wp-content\/uploads\/2026\/03\/image-1.png","datePublished":"2018-09-07T09:56:13+00:00","dateModified":"2026-03-03T11:21:11+00:00","breadcrumb":{"@id":"http:\/\/igfergon.com.mx\/?page_id=46#breadcrumb"},"inLanguage":"es","potentialAction":[{"@type":"ReadAction","target":["http:\/\/igfergon.com.mx\/?page_id=46"]}]},{"@type":"ImageObject","inLanguage":"es","@id":"http:\/\/igfergon.com.mx\/?page_id=46#primaryimage","url":"http:\/\/igfergon.com.mx\/wp-content\/uploads\/2026\/03\/image-1.png","contentUrl":"http:\/\/igfergon.com.mx\/wp-content\/uploads\/2026\/03\/image-1.png","width":500,"height":281},{"@type":"BreadcrumbList","@id":"http:\/\/igfergon.com.mx\/?page_id=46#breadcrumb","itemListElement":[{"@type":"ListItem","position":1,"name":"Portada","item":"http:\/\/igfergon.com.mx\/"},{"@type":"ListItem","position":2,"name":"ARTICULOS Y OPINIONES"}]},{"@type":"WebSite","@id":"http:\/\/igfergon.com.mx\/#website","url":"http:\/\/igfergon.com.mx\/","name":"El sitio del P. Ignacio Fern\u00e1ndez Gonz\u00e1lez","description":"Para Ayudarte","publisher":{"@id":"http:\/\/igfergon.com.mx\/#organization"},"potentialAction":[{"@type":"SearchAction","target":{"@type":"EntryPoint","urlTemplate":"http:\/\/igfergon.com.mx\/?s={search_term_string}"},"query-input":{"@type":"PropertyValueSpecification","valueRequired":true,"valueName":"search_term_string"}}],"inLanguage":"es"},{"@type":"Organization","@id":"http:\/\/igfergon.com.mx\/#organization","name":"El sitio del P. Ignacio Fern\u00e1ndez Gonz\u00e1lez","url":"http:\/\/igfergon.com.mx\/","logo":{"@type":"ImageObject","inLanguage":"es","@id":"http:\/\/igfergon.com.mx\/#\/schema\/logo\/image\/","url":"http:\/\/igfergon.com.mx\/wp-content\/uploads\/2018\/09\/cropped-ORDNACION02-2.jpg","contentUrl":"http:\/\/igfergon.com.mx\/wp-content\/uploads\/2018\/09\/cropped-ORDNACION02-2.jpg","width":250,"height":250,"caption":"El sitio del P. Ignacio Fern\u00e1ndez Gonz\u00e1lez"},"image":{"@id":"http:\/\/igfergon.com.mx\/#\/schema\/logo\/image\/"},"sameAs":["https:\/\/www.facebook.com\/"]}]}},"_links":{"self":[{"href":"http:\/\/igfergon.com.mx\/index.php?rest_route=\/wp\/v2\/pages\/46","targetHints":{"allow":["GET"]}}],"collection":[{"href":"http:\/\/igfergon.com.mx\/index.php?rest_route=\/wp\/v2\/pages"}],"about":[{"href":"http:\/\/igfergon.com.mx\/index.php?rest_route=\/wp\/v2\/types\/page"}],"author":[{"embeddable":true,"href":"http:\/\/igfergon.com.mx\/index.php?rest_route=\/wp\/v2\/users\/1"}],"replies":[{"embeddable":true,"href":"http:\/\/igfergon.com.mx\/index.php?rest_route=%2Fwp%2Fv2%2Fcomments&post=46"}],"version-history":[{"count":69,"href":"http:\/\/igfergon.com.mx\/index.php?rest_route=\/wp\/v2\/pages\/46\/revisions"}],"predecessor-version":[{"id":6130,"href":"http:\/\/igfergon.com.mx\/index.php?rest_route=\/wp\/v2\/pages\/46\/revisions\/6130"}],"wp:attachment":[{"href":"http:\/\/igfergon.com.mx\/index.php?rest_route=%2Fwp%2Fv2%2Fmedia&parent=46"}],"curies":[{"name":"wp","href":"https:\/\/api.w.org\/{rel}","templated":true}]}}